{"id":14,"date":"2012-06-19T01:59:14","date_gmt":"2012-06-19T01:59:14","guid":{"rendered":"http:\/\/confederacionhipicadelcaribe.org\/?page_id=14"},"modified":"2024-12-15T17:37:03","modified_gmt":"2024-12-15T17:37:03","slug":"clasico-internacional-del-caribe","status":"publish","type":"page","link":"https:\/\/confederacionhipicadelcaribe.org\/?page_id=14","title":{"rendered":"Cl\u00e1sico Internacional del Caribe"},"content":{"rendered":"<p style=\"text-align: center;\"><span style=\"text-decoration: underline;\"><strong>CONDICI\u00d3N DE LA CARRERA<\/strong><\/span><\/p>\n<p style=\"text-align: left;\"><strong>Condici\u00f3n:\u00a0\u00a0 Ejemplares de 3 a\u00f1os\u00a0\u00a0\u00a0\u00a0\u00a0 <\/strong><br \/>\n<strong>Distancia:\u00a0\u00a0\u00a0\u00a0 1.800 metros &#8211; 1 milla 1\/8<\/strong><br \/>\n<strong>Pesos:\u00a0\u00a0\u00a0\u00a0\u00a0\u00a0\u00a0\u00a0\u00a0 Machos 53,5 Kgs \u2013 118 lbs.<\/strong><br \/>\n<strong>\u00a0\u00a0\u00a0\u00a0\u00a0\u00a0\u00a0\u00a0\u00a0\u00a0\u00a0\u00a0\u00a0\u00a0\u00a0\u00a0\u00a0\u00a0\u00a0\u00a0\u00a0 Hembras 50 Kgs \u2013 110 lbs.<\/strong><\/p>\n<p style=\"text-align: left;\"><strong>Premios:\u00a0\u00a0\u00a0\u00a0\u00a0 US$ 300.000<\/strong><\/p>\n<p style=\"text-align: left;\">\u00a0<a href=\"http:\/\/confederacionhipicadelcaribe.org\/CDC.html\"><span style=\"text-decoration: underline;\"><strong><strong>HISTORIAL DE GANADORES<\/strong><\/strong><\/span><\/a><\/p>\n<p><!-- START EMBED CODE --><\/p>\n<p><!-- END EMBED CODE --><\/p>\n<p style=\"text-align: left;\"><span style=\"text-decoration: underline;\"><strong>RESE\u00d1A HIST\u00d3RICA<\/strong><\/span><\/p>\n<h6 style=\"text-align: center;\"><span style=\"color: #003a4a;\"><strong>Origen del Cl\u00e1sico del Caribe<\/strong><\/span><\/h6>\n<p>Desde su inicio, el <strong>Cl\u00e1sico del Caribe<\/strong> ha cautivado la atenci\u00f3n de los h\u00edpicos caribe\u00f1os.\u00a0 A\u00f1o tras a\u00f1o, los mejores caballos de tres a\u00f1os de edad miden fuerzas buscando la gloria para el pa\u00eds que representan.\u00a0 Conquistarla se ha convertido en una obsesi\u00f3n para jinetes, entrenadores, due\u00f1os y criadores.<\/p>\n<p>Sin embargo, sus comienzos fueron lentos. Desde la concepci\u00f3n del evento hasta su primera celebraci\u00f3n, transcurrieron trece a\u00f1os. Todo comenz\u00f3 en el 1953 cuando el Ing. Ram\u00f3n Llobet Jr. le present\u00f3 al periodista Luis\u00edn Rosario, la idea de celebrar una carrera con los mejores potros de tres a\u00f1os provenientes de Venezuela, Cuba, Rep\u00fablica Dominicana y Puerto Rico. El proyecto gust\u00f3 y no pod\u00eda venir en un mejor momento, pues el hipismo puertorrique\u00f1o pasaba por su trayectoria m\u00e1s gris.\u00a0 La jugada del \u00abPool\u00bb apenas llegaba a los $10,000 y en la mayor\u00eda de las ocasiones las tribunas luc\u00edan desiertas.\u00a0 Hac\u00eda falta algo impactante para revivirlo. La opini\u00f3n general era que un evento de tal magnitud levantar\u00eda tanto el deporte como el entusiasmo de la fanaticada.<\/p>\n<p>Sin perder tiempo, el Lic. Miguel Parga, Director de la Comisi\u00f3n H\u00edpica Insular, cit\u00f3 a todos los componentes de la industria h\u00edpica a una reuni\u00f3n a celebrarse el 25 de mayo de 1953, en sus oficinas.\u00a0 Ya el evento ten\u00eda nombre, Carrera Interamericana.\u00a0 Luego de un intenso intercambio de opiniones, se tom\u00f3 la decisi\u00f3n de no celebrar el evento porque Puerto Rico no contaba con las facilidades necesarias para recibir tantos visitantes.\u00a0 Solo hab\u00eda dos hip\u00f3dromos operando, Quintana y Las Casas, que fueron inaugurados en 1923 y 1924, respectivamente.\u00a0 Ambos estaban obsoletos y eso fue raz\u00f3n suficiente para no celebrar la carrera.<\/p>\n<p>En el 1957, se inaugur\u00f3 el Hip\u00f3dromo El Comandante.\u00a0 Ubicado en Carolina, la moderna planta era sumamente espaciosa y vistosa, y contaba con todos los adelantos y facilidades.\u00a0 Fue entonces cuando Rosario vio la gran oportunidad para organizar el evento; y en 1959, revivi\u00f3 la idea de Llobet Jr.\u00a0 Le present\u00f3 el proyecto a la alta gerencia de la empresa operadora del nuevo hip\u00f3dromo, la \u00abSan Juan Racing Association\u00bb. En respuesta le indicaron a Rosario que hiciera todas las gestiones necesarias para la realizaci\u00f3n del evento.<\/p>\n<p>El reconocido periodista comenz\u00f3 a viajar por los pa\u00edses del Caribe buscando apoyo y se convirti\u00f3 en el principal propulsor de la carrera.\u00a0 Los cronistas Eladio Secades, de Cuba, y Abelardo Raid\u00ed, de Venezuela, fueron de gran ayuda.\u00a0 Ambos utilizaron sus muy le\u00eddas columnas para difundir la idea del cl\u00e1sico por todo el Caribe. Fue precisamente Venezuela el primer pa\u00eds en aceptar la idea y su respaldo fue sumamente importante porque contaba con un hipismo s\u00f3lido y reconocido como uno de los mejores en toda Am\u00e9rica Latina.<\/p>\n<p>En 1964, se establece en Puerto Rico el Comit\u00e9 de Cl\u00e1sicos integrado por representantes de la industria h\u00edpica del pa\u00eds.\u00a0 El mismo era presidido por el Lic. Abelardo Ruiz Suria (Junta H\u00edpica) y sus miembros lo compon\u00edan Irwin M. Tress (San Juan Racing Association), Ing. Ram\u00f3n Llobet Jr. (Asociaci\u00f3n H\u00edpica de Puerto Rico), Luis\u00edn Rosario (Cronistas H\u00edpicos), Carlos A. Matos (Asociaci\u00f3n de Criadores), Gonzalo Combas Sancho (Secretario) y el Dr. Ricardo Alegr\u00eda (Instituto de Cultura Puertorrique\u00f1a).<\/p>\n<p>El 1ro de octubre de ese mismo a\u00f1o, el Comit\u00e9 aprob\u00f3 una resoluci\u00f3n estableciendo la celebraci\u00f3n de la carrera que se conocer\u00eda como el Cl\u00e1sico Internacional y del Caribe.\u00a0 La misma se correr\u00eda a la distancia de 1 milla 1\/8, con premio de $30,000 para ejemplares de tres a\u00f1os provenientes de Colombia, Jamaica, M\u00e9xico, Panam\u00e1, Trinidad, Venezuela y Puerto Rico.\u00a0 A pesar de su apoyo inicial, Cuba no particip\u00f3 porque al advenir la Revoluci\u00f3n Cubana en 1959, se desvincul\u00f3 de los eventos deportivos profesionales en la regi\u00f3n.\u00a0 La Rep\u00fablica Dominicana ser\u00eda aceptada m\u00e1s adelante.\u00a0 La fecha programada para la primera edici\u00f3n fue el 26 de junio de 1966, un d\u00eda despu\u00e9s de la clausura de los X Juegos Centroamericanos y del Caribe, celebrado en Puerto Rico del 11 al 25 de junio. El evento fue todo un \u00e9xito.\u00a0 El campe\u00f3n venezolano, Victoreado, conquist\u00f3 la primera edici\u00f3n y de ese d\u00eda en adelante, el hipismo caribe\u00f1o cambi\u00f3 para siempre.\u00a0 Desde entonces se han celebrado cuarenta ediciones del Cl\u00e1sico del Caribe y es la carrera m\u00e1s rica de Am\u00e9rica Latina con un premio que asciende a $300,000.<\/p>\n<p>Son m\u00faltiples las gestas realizadas que han enriquecido el hipismo caribe\u00f1o y se han estrechado los lazos de hermandad entre todos los pa\u00edses que componen la Confederaci\u00f3n H\u00edpica del Caribe.\u00a0 Hoy d\u00eda, el Cl\u00e1sico del Caribe, junto a la Copas Confraternidad, Dama del Caribe y Velocidad, componen la Serie H\u00edpica del Caribe.\u00a0 Durante estas celebraciones, el intercambio cultural, el colorido y el entusiasmo de los pa\u00edses participantes hacen de esta Serie un acontecimiento sin par.<\/p>\n<p>Y una tarde soleada del 26 de junio de 1966 se hizo realidad un hermoso sue\u00f1o forjado en 1953\u2026<\/p>\n","protected":false},"excerpt":{"rendered":"<p>CONDICI\u00d3N DE LA CARRERA Condici\u00f3n:\u00a0\u00a0 Ejemplares de 3 a\u00f1os\u00a0\u00a0\u00a0\u00a0\u00a0 Distancia:\u00a0\u00a0\u00a0\u00a0 1.800 metros &#8211; 1 milla 1\/8 Pesos:\u00a0\u00a0\u00a0\u00a0\u00a0\u00a0\u00a0\u00a0\u00a0 Machos 53,5 Kgs \u2013 118 lbs. \u00a0\u00a0\u00a0\u00a0\u00a0\u00a0\u00a0\u00a0\u00a0\u00a0\u00a0\u00a0\u00a0\u00a0\u00a0\u00a0\u00a0\u00a0\u00a0\u00a0\u00a0 Hembras 50 Kgs \u2013 110 lbs. Premios:\u00a0\u00a0\u00a0\u00a0\u00a0 US$ 300.000 \u00a0HISTORIAL DE GANADORES RESE\u00d1A HIST\u00d3RICA Origen del &hellip; <a href=\"https:\/\/confederacionhipicadelcaribe.org\/?page_id=14\">Sigue leyendo <span class=\"meta-nav\">&rarr;<\/span><\/a><\/p>\n","protected":false},"author":1,"featured_media":0,"parent":4,"menu_order":0,"comment_status":"closed","ping_status":"closed","template":"","meta":{"footnotes":""},"class_list":["post-14","page","type-page","status-publish","hentry"],"_links":{"self":[{"href":"https:\/\/confederacionhipicadelcaribe.org\/index.php?rest_route=\/wp\/v2\/pages\/14","targetHints":{"allow":["GET"]}}],"collection":[{"href":"https:\/\/confederacionhipicadelcaribe.org\/index.php?rest_route=\/wp\/v2\/pages"}],"about":[{"href":"https:\/\/confederacionhipicadelcaribe.org\/index.php?rest_route=\/wp\/v2\/types\/page"}],"author":[{"embeddable":true,"href":"https:\/\/confederacionhipicadelcaribe.org\/index.php?rest_route=\/wp\/v2\/users\/1"}],"replies":[{"embeddable":true,"href":"https:\/\/confederacionhipicadelcaribe.org\/index.php?rest_route=%2Fwp%2Fv2%2Fcomments&post=14"}],"version-history":[{"count":44,"href":"https:\/\/confederacionhipicadelcaribe.org\/index.php?rest_route=\/wp\/v2\/pages\/14\/revisions"}],"predecessor-version":[{"id":2419,"href":"https:\/\/confederacionhipicadelcaribe.org\/index.php?rest_route=\/wp\/v2\/pages\/14\/revisions\/2419"}],"up":[{"embeddable":true,"href":"https:\/\/confederacionhipicadelcaribe.org\/index.php?rest_route=\/wp\/v2\/pages\/4"}],"wp:attachment":[{"href":"https:\/\/confederacionhipicadelcaribe.org\/index.php?rest_route=%2Fwp%2Fv2%2Fmedia&parent=14"}],"curies":[{"name":"wp","href":"https:\/\/api.w.org\/{rel}","templated":true}]}}