{"id":4,"date":"2012-06-19T01:52:41","date_gmt":"2012-06-19T01:52:41","guid":{"rendered":"http:\/\/confederacionhipicadelcaribe.org\/?page_id=4"},"modified":"2013-11-21T04:44:25","modified_gmt":"2013-11-21T04:44:25","slug":"serie-hipica-del-caribe","status":"publish","type":"page","link":"https:\/\/confederacionhipicadelcaribe.org\/?page_id=4","title":{"rendered":"|   Serie H\u00edpica del Caribe   |"},"content":{"rendered":"<p style=\"text-align: justify;\">En 1964, se establece en Puerto Rico el Comit\u00e9 de Cl\u00e1sicos integrado por representantes de la industria h\u00edpica del pa\u00eds. El mismo era presidido por el Lic. Abelardo Ruiz Suria (Junta H\u00edpica) y sus miembros lo compon\u00edan lrwin M. Tress (San Juan Racing Association), lng. Ram\u00f3n Llobet J r. (Asociaci\u00f3n H\u00edpica de Puerto Rico), Luis\u00edn Rosario (Cronistas H\u00edpicos), Carlos A. Maros (Asociaci\u00f3n de Criadores), Gonzalo Combas Sancho (Secretario) y el Dr. Ricardo Alegr\u00eda (Instituto de Cultura Puertorrique\u00f1a).<\/p>\n<p style=\"text-align: justify;\"><strong>El 1ro de octubre de ese mismo a\u00f1o, el Comit\u00e9 aprob\u00f3 una resoluci\u00f3n estableciendo la celebraci\u00f3n de la carrera que se conocer\u00eda como el Cl\u00e1sico Internacional y del Caribe. La misma se correr\u00eda a la distancia de 1 milla 1\/8, con premio de $30,000 para ejemplares de tres a\u00f1os provenientes de Colombia, Jamaica, M\u00e9xico, Panam\u00e1, Trinidad, Venezuela y Puerto Rico.<\/strong> A pesar de su apoyo inicial, Cuba no particip\u00f3 porque al advenir la Revoluci\u00f3n Cubana en 1959, la Antilla mayor se desvincul\u00f3 de los eventos deportivos profesionales en la regi\u00f3n. La Rep\u00fablica Dominicana ser\u00eda aceptada m\u00e1s adelante. La fecha programada para la primera edici\u00f3n fue el 26 de junio de 1966, un d\u00eda despu\u00e9s de la clausura de los X \u00a0Juegos Centroamericanos y del Caribe, celebrados en Puerto Rico del 11 al 25 de junio. La carrera fue todo un \u00e9xito. El campe\u00f3n venezolano, Victoreado, conquist\u00f3 la primera edici\u00f3n y de ese d\u00eda en adelante, el hipismo caribe\u00f1o cambi\u00f3 para siempre. Desde entonces se han celebrado cuarenta ediciones del Cl\u00e1sico del Caribe y es la carrera m\u00e1s rica de Am\u00e9rica Latina con un premio que asciende a $300,000.<\/p>\n<p style=\"text-align: justify;\">\n<p><\/br><\/p>\n","protected":false},"excerpt":{"rendered":"<p>En 1964, se establece en Puerto Rico el Comit\u00e9 de Cl\u00e1sicos integrado por representantes de la industria h\u00edpica del pa\u00eds. El mismo era presidido por el Lic. Abelardo Ruiz Suria (Junta H\u00edpica) y sus miembros lo compon\u00edan lrwin M. Tress &hellip; <a href=\"https:\/\/confederacionhipicadelcaribe.org\/?page_id=4\">Sigue leyendo <span class=\"meta-nav\">&rarr;<\/span><\/a><\/p>\n","protected":false},"author":1,"featured_media":0,"parent":0,"menu_order":0,"comment_status":"closed","ping_status":"closed","template":"","meta":{"footnotes":""},"class_list":["post-4","page","type-page","status-publish","hentry"],"_links":{"self":[{"href":"https:\/\/confederacionhipicadelcaribe.org\/index.php?rest_route=\/wp\/v2\/pages\/4","targetHints":{"allow":["GET"]}}],"collection":[{"href":"https:\/\/confederacionhipicadelcaribe.org\/index.php?rest_route=\/wp\/v2\/pages"}],"about":[{"href":"https:\/\/confederacionhipicadelcaribe.org\/index.php?rest_route=\/wp\/v2\/types\/page"}],"author":[{"embeddable":true,"href":"https:\/\/confederacionhipicadelcaribe.org\/index.php?rest_route=\/wp\/v2\/users\/1"}],"replies":[{"embeddable":true,"href":"https:\/\/confederacionhipicadelcaribe.org\/index.php?rest_route=%2Fwp%2Fv2%2Fcomments&post=4"}],"version-history":[{"count":9,"href":"https:\/\/confederacionhipicadelcaribe.org\/index.php?rest_route=\/wp\/v2\/pages\/4\/revisions"}],"predecessor-version":[{"id":755,"href":"https:\/\/confederacionhipicadelcaribe.org\/index.php?rest_route=\/wp\/v2\/pages\/4\/revisions\/755"}],"wp:attachment":[{"href":"https:\/\/confederacionhipicadelcaribe.org\/index.php?rest_route=%2Fwp%2Fv2%2Fmedia&parent=4"}],"curies":[{"name":"wp","href":"https:\/\/api.w.org\/{rel}","templated":true}]}}