{"id":57,"date":"2012-06-19T02:25:12","date_gmt":"2012-06-19T02:25:12","guid":{"rendered":"http:\/\/confederacionhipicadelcaribe.org\/?page_id=57"},"modified":"2012-12-04T22:25:36","modified_gmt":"2012-12-04T22:25:36","slug":"mision","status":"publish","type":"page","link":"https:\/\/confederacionhipicadelcaribe.org\/?page_id=57","title":{"rendered":"Misi\u00f3n"},"content":{"rendered":"<p>La <em>Confederaci\u00f3n H\u00edpica del Caribe<\/em>, en el <em>art\u00edculo 4<\/em> de sus estatutos, declara como acciones de su importante misi\u00f3n los siguientes aspectos:<\/p>\n<p style=\"padding-left: 30px;\"><strong>a)<\/strong> Promover el acercamiento y la amistad de los pueblos de aquellos pa\u00edses que practican en alguna forma el deporte h\u00edpico.<\/p>\n<p style=\"padding-left: 30px;\"><strong>b)<\/strong> Impulsar al m\u00e1ximo la h\u00edpica y la cr\u00eda del caballo pura sangre de carrera en los pa\u00edses miembros.<\/p>\n<p style=\"padding-left: 30px;\"><strong>e)<\/strong> Intercambiar toda clase de experiencias y conocimientos con respecto a la cr\u00eda, mejoramiento, alimentaci\u00f3n, etc. de los caballos pura sangre de carrera.<\/p>\n<p style=\"padding-left: 30px;\"><strong>d)<\/strong> Propiciar, en todos los niveles, el perfeccionamiento de la organizaci\u00f3n, funcionamiento y operaci\u00f3n de los hip\u00f3dromos de los pa\u00edses miembros.<\/p>\n<p style=\"padding-left: 30px;\"><strong>e)<\/strong> Reunir, bajo una sola entidad, a todos los pa\u00edses miembros de la Con federaci\u00f3n.<\/p>\n<p style=\"padding-left: 30px;\"><strong>f)<\/strong> Continuar impulsando, por todos los medios, la celebraci\u00f3n anual del Cl\u00e1sico Internacional del Caribe, as\u00ed como otros eventos entre ejemplares nacidos en los pa\u00edses miembros, para conocer el avance en sus respectivas industrias de cr\u00eda del pura-sangre de carrera.<\/p>\n<p style=\"padding-left: 30px;\"><strong>g)<\/strong> Servir de conducto permanente para gestionar, entre s\u00ed o con terceros, asuntos relacionados con la h\u00edpica de los pa\u00edses miembros.<\/p>\n<p style=\"padding-left: 30px;\"><strong>h)<\/strong> Promover y auspiciar otras competencias que coadyuven al logro de los fines anteriormente se\u00f1alados.<\/p>\n<p>&nbsp;<\/p>\n","protected":false},"excerpt":{"rendered":"<p>La Confederaci\u00f3n H\u00edpica del Caribe, en el art\u00edculo 4 de sus estatutos, declara como acciones de su importante misi\u00f3n los siguientes aspectos: a) Promover el acercamiento y la amistad de los pueblos de aquellos pa\u00edses que practican en alguna forma &hellip; <a href=\"https:\/\/confederacionhipicadelcaribe.org\/?page_id=57\">Sigue leyendo <span class=\"meta-nav\">&rarr;<\/span><\/a><\/p>\n","protected":false},"author":1,"featured_media":0,"parent":6,"menu_order":0,"comment_status":"closed","ping_status":"closed","template":"","meta":{"footnotes":""},"class_list":["post-57","page","type-page","status-publish","hentry"],"_links":{"self":[{"href":"https:\/\/confederacionhipicadelcaribe.org\/index.php?rest_route=\/wp\/v2\/pages\/57","targetHints":{"allow":["GET"]}}],"collection":[{"href":"https:\/\/confederacionhipicadelcaribe.org\/index.php?rest_route=\/wp\/v2\/pages"}],"about":[{"href":"https:\/\/confederacionhipicadelcaribe.org\/index.php?rest_route=\/wp\/v2\/types\/page"}],"author":[{"embeddable":true,"href":"https:\/\/confederacionhipicadelcaribe.org\/index.php?rest_route=\/wp\/v2\/users\/1"}],"replies":[{"embeddable":true,"href":"https:\/\/confederacionhipicadelcaribe.org\/index.php?rest_route=%2Fwp%2Fv2%2Fcomments&post=57"}],"version-history":[{"count":18,"href":"https:\/\/confederacionhipicadelcaribe.org\/index.php?rest_route=\/wp\/v2\/pages\/57\/revisions"}],"predecessor-version":[{"id":414,"href":"https:\/\/confederacionhipicadelcaribe.org\/index.php?rest_route=\/wp\/v2\/pages\/57\/revisions\/414"}],"up":[{"embeddable":true,"href":"https:\/\/confederacionhipicadelcaribe.org\/index.php?rest_route=\/wp\/v2\/pages\/6"}],"wp:attachment":[{"href":"https:\/\/confederacionhipicadelcaribe.org\/index.php?rest_route=%2Fwp%2Fv2%2Fmedia&parent=57"}],"curies":[{"name":"wp","href":"https:\/\/api.w.org\/{rel}","templated":true}]}}