{"id":59,"date":"2012-06-19T02:25:25","date_gmt":"2012-06-19T02:25:25","guid":{"rendered":"http:\/\/confederacionhipicadelcaribe.org\/?page_id=59"},"modified":"2025-03-15T22:22:27","modified_gmt":"2025-03-15T22:22:27","slug":"junta-directiva","status":"publish","type":"page","link":"https:\/\/confederacionhipicadelcaribe.org\/?page_id=59","title":{"rendered":"Junta Directiva"},"content":{"rendered":"<ul>\n<li><strong>Jos\u00e9 Zaj\u00eda<\/strong><em>\u00a0&#8211; Presidente<\/em><\/li>\n<li><strong>Rafy Fern\u00e1ndez<\/strong>\u00a0&#8211; <em>Vice Presidente<\/em><\/li>\n<li><strong>Luigi Miglietti<\/strong><em>\u00a0&#8211; Secretario<\/em><\/li>\n<li><strong>Claudio \u00c1lvarez hijo<\/strong><em> &#8211; Tesorero<\/em><\/li>\n<li><strong>Lu\u00eds Shirley<\/strong><em>\u00a0&#8211; Director<\/em><\/li>\n<li><strong>Andr\u00e9s Madero<\/strong><em>\u00a0&#8211; Director<\/em><\/li>\n<li><strong>Luis Orraca<\/strong><em>\u00a0&#8211; Director<\/em><\/li>\n<li><strong>Lu\u00eds Shirley<\/strong><em> &#8211; Asesor Legal<\/em><\/li>\n<li><strong>Luigi Miglietti<\/strong><em> &#8211; Asesor Legal<\/em><\/li>\n<li><strong>Luis Orraca<\/strong><em> &#8211; Asesor en Promoci\u00f3n, Organizaci\u00f3n y Comercializaci\u00f3n de Eventos<\/em><\/li>\n<li><strong>Juan Carlos Feijo\u00f3 Gonz\u00e1lez<\/strong><em>\u00a0&#8211; Oficial de Prensa<\/em><\/li>\n<li><strong>Joe Bruno<\/strong><em>\u00a0&#8211; Oficial de Prensa<\/em><\/li>\n<\/ul>\n","protected":false},"excerpt":{"rendered":"<p>Jos\u00e9 Zaj\u00eda\u00a0&#8211; Presidente Rafy Fern\u00e1ndez\u00a0&#8211; Vice Presidente Luigi Miglietti\u00a0&#8211; Secretario Claudio \u00c1lvarez hijo &#8211; Tesorero Lu\u00eds Shirley\u00a0&#8211; Director Andr\u00e9s Madero\u00a0&#8211; Director Luis Orraca\u00a0&#8211; Director Lu\u00eds Shirley &#8211; Asesor Legal Luigi Miglietti &#8211; Asesor Legal Luis Orraca &#8211; Asesor en Promoci\u00f3n, &hellip; <a href=\"https:\/\/confederacionhipicadelcaribe.org\/?page_id=59\">Sigue leyendo <span class=\"meta-nav\">&rarr;<\/span><\/a><\/p>\n","protected":false},"author":1,"featured_media":0,"parent":6,"menu_order":0,"comment_status":"closed","ping_status":"closed","template":"","meta":{"footnotes":""},"class_list":["post-59","page","type-page","status-publish","hentry"],"_links":{"self":[{"href":"https:\/\/confederacionhipicadelcaribe.org\/index.php?rest_route=\/wp\/v2\/pages\/59","targetHints":{"allow":["GET"]}}],"collection":[{"href":"https:\/\/confederacionhipicadelcaribe.org\/index.php?rest_route=\/wp\/v2\/pages"}],"about":[{"href":"https:\/\/confederacionhipicadelcaribe.org\/index.php?rest_route=\/wp\/v2\/types\/page"}],"author":[{"embeddable":true,"href":"https:\/\/confederacionhipicadelcaribe.org\/index.php?rest_route=\/wp\/v2\/users\/1"}],"replies":[{"embeddable":true,"href":"https:\/\/confederacionhipicadelcaribe.org\/index.php?rest_route=%2Fwp%2Fv2%2Fcomments&post=59"}],"version-history":[{"count":22,"href":"https:\/\/confederacionhipicadelcaribe.org\/index.php?rest_route=\/wp\/v2\/pages\/59\/revisions"}],"predecessor-version":[{"id":2458,"href":"https:\/\/confederacionhipicadelcaribe.org\/index.php?rest_route=\/wp\/v2\/pages\/59\/revisions\/2458"}],"up":[{"embeddable":true,"href":"https:\/\/confederacionhipicadelcaribe.org\/index.php?rest_route=\/wp\/v2\/pages\/6"}],"wp:attachment":[{"href":"https:\/\/confederacionhipicadelcaribe.org\/index.php?rest_route=%2Fwp%2Fv2%2Fmedia&parent=59"}],"curies":[{"name":"wp","href":"https:\/\/api.w.org\/{rel}","templated":true}]}}