{"id":8,"date":"2012-06-19T01:54:32","date_gmt":"2012-06-19T01:54:32","guid":{"rendered":"http:\/\/confederacionhipicadelcaribe.org\/?page_id=8"},"modified":"2026-04-09T18:41:34","modified_gmt":"2026-04-09T18:41:34","slug":"links","status":"publish","type":"page","link":"https:\/\/confederacionhipicadelcaribe.org\/?page_id=8","title":{"rendered":"|   Links   |"},"content":{"rendered":"<table border=\"0\" width=\"340\" cellspacing=\"0\" cellpadding=\"0\">\n<tbody>\n<tr>\n<td align=\"right\" valign=\"middle\" width=\"133\" height=\"30\">Ecuador<\/td>\n<td align=\"center\" valign=\"middle\" width=\"23\" height=\"30\"><img loading=\"lazy\" decoding=\"async\" src=\"http:\/\/clasicodelcaribe.org\/images\/punto_verde.gif\" alt=\"\" width=\"13\" height=\"13\" align=\"middle\" border=\"0\" \/><\/td>\n<td align=\"left\" valign=\"middle\" width=\"184\" height=\"30\"><a href=\"http:\/\/www.hipodromomsd.com\" target=\"_blank\" rel=\"noopener\"><span style=\"color: #1b8be0;\"><b>Hip\u00f3dromo Miguel Salem Dibo<\/b><\/span><\/a><\/td>\n<\/tr>\n<tr>\n<td align=\"right\" valign=\"middle\" height=\"30\">M\u00e9xico<\/td>\n<td align=\"center\" valign=\"middle\" width=\"23\" height=\"30\"><img loading=\"lazy\" decoding=\"async\" src=\"http:\/\/clasicodelcaribe.org\/images\/punto_verde.gif\" alt=\"\" width=\"13\" height=\"13\" align=\"middle\" border=\"0\" \/><\/td>\n<td align=\"left\" valign=\"middle\" height=\"30\"><a href=\"http:\/\/www.hipodromo.com.mx\/\" target=\"_blank\" rel=\"noopener\"><strong>Hip\u00f3dromo de las Am\u00e9ricas<\/strong><\/a><\/td>\n<\/tr>\n<tr>\n<td align=\"right\" valign=\"middle\" height=\"30\">Panam\u00e1<\/td>\n<td align=\"center\" valign=\"middle\" width=\"23\" height=\"30\"><img loading=\"lazy\" decoding=\"async\" src=\"http:\/\/clasicodelcaribe.org\/images\/punto_verde.gif\" alt=\"\" width=\"13\" height=\"13\" align=\"middle\" border=\"0\" \/><\/td>\n<td align=\"left\" valign=\"middle\" height=\"30\"><a href=\"http:\/\/hipodromo.com\/\" target=\"_blank\" rel=\"noopener\"><strong>Hip\u00f3dromo Presidente Rem\u00f3n<\/strong><\/a><\/td>\n<\/tr>\n<tr>\n<td align=\"right\" valign=\"middle\" height=\"30\">Puerto Rico<\/td>\n<td align=\"center\" valign=\"middle\" width=\"23\" height=\"30\"><img loading=\"lazy\" decoding=\"async\" src=\"http:\/\/clasicodelcaribe.org\/images\/punto_verde.gif\" alt=\"\" width=\"13\" height=\"13\" align=\"middle\" border=\"0\" \/><\/td>\n<td align=\"left\" valign=\"middle\" height=\"30\"><strong><a href=\"http:\/\/hipodromo-camarero.com\/\" target=\"_blank\" rel=\"noopener\">Hip\u00f3dromo Camarero<\/a><\/strong><\/td>\n<\/tr>\n<tr>\n<td align=\"right\" valign=\"middle\" height=\"30\">Rep\u00fablica Dominicana<\/td>\n<td align=\"center\" valign=\"middle\" width=\"23\" height=\"30\"><img loading=\"lazy\" decoding=\"async\" src=\"http:\/\/clasicodelcaribe.org\/images\/punto_verde.gif\" alt=\"\" width=\"13\" height=\"13\" align=\"middle\" border=\"0\" \/><\/td>\n<td align=\"left\" valign=\"middle\" height=\"30\"><strong><a href=\"https:\/\/hvc.com.do\/\" target=\"_blank\" rel=\"noopener\">Hip\u00f3dromo V Centenario<\/a><\/strong><\/td>\n<\/tr>\n<tr>\n<td align=\"right\" valign=\"middle\" height=\"30\">Venezuela<\/td>\n<td align=\"center\" valign=\"middle\" width=\"23\" height=\"30\"><img loading=\"lazy\" decoding=\"async\" src=\"http:\/\/clasicodelcaribe.org\/images\/punto_verde.gif\" alt=\"\" width=\"13\" height=\"13\" align=\"middle\" border=\"0\" \/><\/td>\n<td align=\"left\" valign=\"middle\" height=\"30\">\u00a0<strong><a href=\"https:\/\/apuestas.inh.gob.ve\/\" target=\"_blank\" rel=\"noopener\">Hip\u00f3dromo La Rinconada<\/a><\/strong><\/td>\n<\/tr>\n<\/tbody>\n<\/table>\n\n\n<p><\/p>\n","protected":false},"excerpt":{"rendered":"<p>Ecuador Hip\u00f3dromo Miguel Salem Dibo M\u00e9xico Hip\u00f3dromo de las Am\u00e9ricas Panam\u00e1 Hip\u00f3dromo Presidente Rem\u00f3n Puerto Rico Hip\u00f3dromo Camarero Rep\u00fablica Dominicana Hip\u00f3dromo V Centenario Venezuela \u00a0Hip\u00f3dromo La Rinconada<\/p>\n","protected":false},"author":1,"featured_media":0,"parent":0,"menu_order":0,"comment_status":"closed","ping_status":"closed","template":"","meta":{"footnotes":""},"class_list":["post-8","page","type-page","status-publish","hentry"],"_links":{"self":[{"href":"https:\/\/confederacionhipicadelcaribe.org\/index.php?rest_route=\/wp\/v2\/pages\/8","targetHints":{"allow":["GET"]}}],"collection":[{"href":"https:\/\/confederacionhipicadelcaribe.org\/index.php?rest_route=\/wp\/v2\/pages"}],"about":[{"href":"https:\/\/confederacionhipicadelcaribe.org\/index.php?rest_route=\/wp\/v2\/types\/page"}],"author":[{"embeddable":true,"href":"https:\/\/confederacionhipicadelcaribe.org\/index.php?rest_route=\/wp\/v2\/users\/1"}],"replies":[{"embeddable":true,"href":"https:\/\/confederacionhipicadelcaribe.org\/index.php?rest_route=%2Fwp%2Fv2%2Fcomments&post=8"}],"version-history":[{"count":9,"href":"https:\/\/confederacionhipicadelcaribe.org\/index.php?rest_route=\/wp\/v2\/pages\/8\/revisions"}],"predecessor-version":[{"id":2775,"href":"https:\/\/confederacionhipicadelcaribe.org\/index.php?rest_route=\/wp\/v2\/pages\/8\/revisions\/2775"}],"wp:attachment":[{"href":"https:\/\/confederacionhipicadelcaribe.org\/index.php?rest_route=%2Fwp%2Fv2%2Fmedia&parent=8"}],"curies":[{"name":"wp","href":"https:\/\/api.w.org\/{rel}","templated":true}]}}